{"id":1153,"date":"2023-08-01T08:15:54","date_gmt":"2023-08-01T08:15:54","guid":{"rendered":"https:\/\/demo.casethemes.net\/consultio-seo\/?page_id=1153"},"modified":"2025-10-02T22:08:26","modified_gmt":"2025-10-02T22:08:26","slug":"testimonials","status":"publish","type":"page","link":"https:\/\/municipiodebalao.gob.ec\/index.php\/testimonials\/","title":{"rendered":"Rendici\u00f3n de Cuentas 2024"},"content":{"rendered":"\t\t<div data-elementor-type=\"wp-page\" data-elementor-id=\"1153\" class=\"elementor elementor-1153\">\n\t\t\t\t        <section class=\"elementor-section elementor-top-section elementor-element elementor-element-797c2d0 elementor-section-stretched elementor-section-boxed elementor-section-height-default elementor-section-height-default ct-header-fixed-none ct-row-max-none\" data-id=\"797c2d0\" data-element_type=\"section\" data-e-type=\"section\" data-settings=\"{&quot;stretch_section&quot;:&quot;section-stretched&quot;}\">\n            \n                        <div class=\"elementor-container elementor-column-gap-extended \">\n                    <div class=\"elementor-column elementor-col-100 elementor-top-column elementor-element elementor-element-dcccaa8\" data-id=\"dcccaa8\" data-element_type=\"column\" data-e-type=\"column\">\n        <div class=\"elementor-widget-wrap elementor-element-populated\">\n                    \n        \t\t<div class=\"elementor-element elementor-element-bbb22bc elementor-widget elementor-widget-ct_accordion\" data-id=\"bbb22bc\" data-element_type=\"widget\" data-e-type=\"widget\" data-widget_type=\"ct_accordion.default\">\n\t\t\t\t<div class=\"elementor-widget-container\">\n\t\t\t\t\t    <div id=\"ct_accordion-bbb22bc\" class=\"ct-accordion layout2 \">\r\n                    <div class=\"ct-accordion-item \">\r\n                <div class=\"ct-ac-title \" data-target=\"#bab49dbct_accordion-bbb22bc\">\r\n                    <a class=\"ct-ac-title-text\">\r\n                                                                        <span>FASE 1<\/span>\r\n                    <\/a>\r\n                <\/div>\r\n                <div id=\"bab49dbct_accordion-bbb22bc\" class=\"ct-ac-content\"><ul><li><span style=\"text-decoration: underline;color: #0000ff\"><a style=\"color: #0000ff;text-decoration: underline\" href=\"https:\/\/municipiodebalao.gob.ec\/wp-content\/uploads\/2025\/06\/PDOT-2024-1.pdf\" target=\"_blank\" rel=\"noopener\">PDOT 2024.<\/a><\/span><\/li><li><span style=\"text-decoration: underline;color: #0000ff\"><a style=\"color: #0000ff;text-decoration: underline\" href=\"https:\/\/municipiodebalao.gob.ec\/wp-content\/uploads\/2025\/06\/POA-2024-GAD-BALAO-1.pdf\" target=\"_blank\" rel=\"noopener\">POA 2024 GAD BALAO.<\/a><\/span><\/li><li><span style=\"text-decoration: underline;color: #0000ff\"><a style=\"color: #0000ff;text-decoration: underline\" href=\"https:\/\/municipiodebalao.gob.ec\/wp-content\/uploads\/2025\/06\/PLAN-DE-TRABAJO-1.pdf\" target=\"_blank\" rel=\"noopener\">PLAN DE TRABAJO.<\/a><\/span><\/li><li><span style=\"text-decoration: underline;color: #0000ff\"><a style=\"color: #0000ff;text-decoration: underline\" href=\"https:\/\/municipiodebalao.gob.ec\/wp-content\/uploads\/2025\/06\/INFORMACION-FINANCIERA-1.pdf\" target=\"_blank\" rel=\"noopener\">INFORMACI\u00d3N FINANCIERA.<\/a><\/span><\/li><\/ul><\/div>\r\n            <\/div>\r\n                    <div class=\"ct-accordion-item \">\r\n                <div class=\"ct-ac-title \" data-target=\"#7f30dcfct_accordion-bbb22bc\">\r\n                    <a class=\"ct-ac-title-text\">\r\n                                                                        <span>FASE 2: Evaluaci\u00f3n de la Gesti\u00f3n y Elaboraci\u00f3n del Informe Institucional.<\/span>\r\n                    <\/a>\r\n                <\/div>\r\n                <div id=\"7f30dcfct_accordion-bbb22bc\" class=\"ct-ac-content\"><ul><li><span style=\"text-decoration: underline;color: #0000ff\"><a style=\"color: #0000ff;text-decoration: underline\" href=\"https:\/\/municipiodebalao.gob.ec\/wp-content\/uploads\/2025\/06\/1.-FORMULARIO-GAD-2024.pdf\" target=\"_blank\" rel=\"noopener\">1. FORMULARIO GAD 2024<\/a>.<\/span><\/li><li><span style=\"text-decoration: underline;color: #0000ff\"><a style=\"color: #0000ff;text-decoration: underline\" href=\"https:\/\/municipiodebalao.gob.ec\/wp-content\/uploads\/2025\/06\/2.-APROBACION-DEL-FORMULARIO-DE-RENDICION-DE-CUENTAS.pdf\" target=\"_blank\" rel=\"noopener\">2. APROBACION DEL FORMULARIO DE RENDICION DE CUENTAS<\/a>.<\/span><\/li><li><span style=\"text-decoration: underline;color: #0000ff\"><a style=\"color: #0000ff;text-decoration: underline\" href=\"https:\/\/municipiodebalao.gob.ec\/wp-content\/uploads\/2025\/06\/3.-INFORME-NARRATIVO-DE-RENDICION-DE-CUENTAS-2024.pdf\" target=\"_blank\" rel=\"noopener\">3. INFORME NARRATIVO DE RENDICION DE CUENTAS 2024<\/a>.<\/span><\/li><li><span style=\"text-decoration: underline;color: #0000ff\"><a style=\"color: #0000ff;text-decoration: underline\" href=\"https:\/\/municipiodebalao.gob.ec\/wp-content\/uploads\/2025\/06\/4.-APROBACION-DEL-INFORMA-NARRATIVO.pdf\" target=\"_blank\" rel=\"noopener\">4. APROBACION DEL INFORMA NARRATIVO<\/a>.<\/span><\/li><\/ul><\/div>\r\n            <\/div>\r\n                    <div class=\"ct-accordion-item \">\r\n                <div class=\"ct-ac-title \" data-target=\"#374579ect_accordion-bbb22bc\">\r\n                    <a class=\"ct-ac-title-text\">\r\n                                                                        <span>FASE 3: Difusi\u00f3n de la deliberaci\u00f3n p\u00fablica.<\/span>\r\n                    <\/a>\r\n                <\/div>\r\n                <div id=\"374579ect_accordion-bbb22bc\" class=\"ct-ac-content\"><ul><li><span style=\"text-decoration: underline;color: #0000ff\"><a style=\"color: #0000ff;text-decoration: underline\" href=\"https:\/\/municipiodebalao.gob.ec\/wp-content\/uploads\/2025\/07\/INVITACION-AUDIENCIA-PUBLICA.pdf\" target=\"_blank\" rel=\"noopener\">INVITACI\u00d3N A LA DELIBERACI\u00d3N P\u00daBLICA<\/a><\/span><\/li><\/ul><\/div>\r\n            <\/div>\r\n            <\/div>\r\n\t\t\t\t<\/div>\n\t\t\t\t<\/div>\n\t\t\t\t<div class=\"elementor-element elementor-element-371a1d9 elementor-widget elementor-widget-text-editor\" data-id=\"371a1d9\" data-element_type=\"widget\" data-e-type=\"widget\" data-widget_type=\"text-editor.default\">\n\t\t\t\t<div class=\"elementor-widget-container\">\n\t\t\t\t\t\t\t\t\t<h6 style=\"text-align: center;\"><span style=\"text-decoration: underline;\">Deliberaci\u00f3n P\u00fablica<\/span><\/h6>\t\t\t\t\t\t\t\t<\/div>\n\t\t\t\t<\/div>\n\t\t\t\t<div class=\"elementor-element elementor-element-3ccf6e3 elementor-widget elementor-widget-video\" data-id=\"3ccf6e3\" data-element_type=\"widget\" data-e-type=\"widget\" data-settings=\"{&quot;video_type&quot;:&quot;dailymotion&quot;,&quot;controls&quot;:&quot;yes&quot;}\" data-widget_type=\"video.default\">\n\t\t\t\t<div class=\"elementor-widget-container\">\n\t\t\t\t\t\t\t<div class=\"elementor-wrapper elementor-open-inline\">\n\t\t\t<iframe class=\"elementor-video-iframe\" allowfullscreen allow=\"clipboard-write\" title=\"Reproductor de v\u00eddeo dailymotion\" src=\"https:\/\/dailymotion.com\/embed\/video\/k61rP3k9SCPBNEDmSdc?ui-highlight&amp;start&amp;endscreen-enable=0&amp;controls=1&amp;mute=0&amp;ui-start-screen-info=1&amp;ui-logo=1\"><\/iframe>\t\t<\/div>\n\t\t\t\t\t\t<\/div>\n\t\t\t\t<\/div>\n\t\t<div class=\"elementor-element elementor-element-e037b71 e-flex e-con-boxed e-con e-parent\" data-id=\"e037b71\" data-element_type=\"container\" data-e-type=\"container\">\n\t\t\t\t\t<div class=\"e-con-inner\">\n\t\t\t\t\t<\/div>\n\t\t\t\t<\/div>\n\t\t\t\t<div class=\"elementor-element elementor-element-402451f elementor-widget elementor-widget-ct_accordion\" data-id=\"402451f\" data-element_type=\"widget\" data-e-type=\"widget\" data-widget_type=\"ct_accordion.default\">\n\t\t\t\t<div class=\"elementor-widget-container\">\n\t\t\t\t\t    <div id=\"ct_accordion-402451f\" class=\"ct-accordion layout1 style1 \">\r\n                    <div class=\"ct-accordion-item active\">\r\n                <div class=\"ct-ac-title active\" data-target=\"#88480d8ct_accordion-402451f\">\r\n                    <a class=\"ct-ac-title-text\">\r\n                                                                        FASE 4: Incorporaci\u00f3n de la opini\u00f3n ciudadana, retroalimentaci\u00f3n y seguimiento.                        <i class=\"ct-icon-accordion\"><\/i>\r\n                    <\/a>\r\n                <\/div>\r\n                <div id=\"88480d8ct_accordion-402451f\" class=\"ct-ac-content\" style=\"display:block;\"><ul><li><span style=\"text-decoration: underline\"><span style=\"color: #0000ff;text-decoration: underline\"><a style=\"color: #0000ff;text-decoration: underline\" href=\"https:\/\/municipiodebalao.gob.ec\/wp-content\/uploads\/2025\/07\/PLAN-DE-TRABAJO-1.pdf\">Plan de Trabajo.<\/a><\/span><\/span><\/li><li><span style=\"text-decoration: underline\"><span style=\"color: #0000ff;text-decoration: underline\"><a style=\"color: #0000ff;text-decoration: underline\" href=\"https:\/\/municipiodebalao.gob.ec\/wp-content\/uploads\/2025\/10\/ReporteInformeGadMunicipal-2024-OK.pdf\" target=\"_blank\" rel=\"noopener\">Informe de Rendici\u00f3n de Cuentas N\u00b016034 - Periodo 2024.<\/a><\/span><\/span><\/li><li><span style=\"text-decoration: underline\"><span style=\"color: #0000ff;text-decoration: underline\"><a style=\"color: #0000ff;text-decoration: underline\" href=\"https:\/\/municipiodebalao.gob.ec\/wp-content\/uploads\/2025\/07\/ACTA-DE-COMPROMISO-1.pdf\" target=\"_blank\" rel=\"noopener\">Acta de Compromiso.<\/a><\/span><\/span><\/li><li><span style=\"text-decoration: underline\"><span style=\"color: #0000ff;text-decoration: underline\"><a style=\"color: #0000ff;text-decoration: underline\" href=\"https:\/\/municipiodebalao.gob.ec\/wp-content\/uploads\/2025\/07\/ACTA-DE-DELIBERACION-PUBLICA.pdf\" target=\"_blank\" rel=\"noopener\">Acta de Deliberaci\u00f3n P\u00fablica.<\/a><\/span><\/span><\/li><\/ul><\/div>\r\n            <\/div>\r\n            <\/div>\r\n    \t\t\t\t<\/div>\n\t\t\t\t<\/div>\n\t\t            <\/div>\n        <\/div>\n                    <\/div>\n        <\/section>\n        \t\t<\/div>\n\t\t","protected":false},"excerpt":{"rendered":"<p>FASE 1 PDOT 2024. POA 2024 GAD BALAO. PLAN DE TRABAJO. INFORMACI\u00d3N FINANCIERA. FASE 2: Evaluaci\u00f3n de la Gesti\u00f3n y Elaboraci\u00f3n del Informe Institucional. 1. FORMULARIO GAD 2024. 2. APROBACION DEL FORMULARIO DE RENDICION DE CUENTAS. 3. INFORME NARRATIVO DE RENDICION DE CUENTAS 2024. 4. APROBACION DEL INFORMA NARRATIVO. FASE 3: Difusi\u00f3n de la deliberaci\u00f3n [&hellip;]<\/p>\n","protected":false},"author":1,"featured_media":1541,"parent":0,"menu_order":0,"comment_status":"closed","ping_status":"closed","template":"","meta":{"footnotes":""},"class_list":["post-1153","page","type-page","status-publish","has-post-thumbnail","hentry"],"_links":{"self":[{"href":"https:\/\/municipiodebalao.gob.ec\/index.php\/wp-json\/wp\/v2\/pages\/1153","targetHints":{"allow":["GET"]}}],"collection":[{"href":"https:\/\/municipiodebalao.gob.ec\/index.php\/wp-json\/wp\/v2\/pages"}],"about":[{"href":"https:\/\/municipiodebalao.gob.ec\/index.php\/wp-json\/wp\/v2\/types\/page"}],"author":[{"embeddable":true,"href":"https:\/\/municipiodebalao.gob.ec\/index.php\/wp-json\/wp\/v2\/users\/1"}],"replies":[{"embeddable":true,"href":"https:\/\/municipiodebalao.gob.ec\/index.php\/wp-json\/wp\/v2\/comments?post=1153"}],"version-history":[{"count":61,"href":"https:\/\/municipiodebalao.gob.ec\/index.php\/wp-json\/wp\/v2\/pages\/1153\/revisions"}],"predecessor-version":[{"id":8277,"href":"https:\/\/municipiodebalao.gob.ec\/index.php\/wp-json\/wp\/v2\/pages\/1153\/revisions\/8277"}],"wp:featuredmedia":[{"embeddable":true,"href":"https:\/\/municipiodebalao.gob.ec\/index.php\/wp-json\/wp\/v2\/media\/1541"}],"wp:attachment":[{"href":"https:\/\/municipiodebalao.gob.ec\/index.php\/wp-json\/wp\/v2\/media?parent=1153"}],"curies":[{"name":"wp","href":"https:\/\/api.w.org\/{rel}","templated":true}]}}