{"id":2046,"date":"2025-06-16T19:24:24","date_gmt":"2025-06-16T19:24:24","guid":{"rendered":"https:\/\/municipiodebalao.gob.ec\/?page_id=2046"},"modified":"2025-10-17T17:02:29","modified_gmt":"2025-10-17T17:02:29","slug":"planes","status":"publish","type":"page","link":"https:\/\/municipiodebalao.gob.ec\/index.php\/planes\/","title":{"rendered":"PLANES"},"content":{"rendered":"\t\t<div data-elementor-type=\"wp-page\" data-elementor-id=\"2046\" class=\"elementor elementor-2046\">\n\t\t\t\t<div class=\"elementor-element elementor-element-68f50d3 e-con-full e-flex e-con e-parent\" data-id=\"68f50d3\" data-element_type=\"container\" data-e-type=\"container\">\n\t\t\t\t<div class=\"elementor-element elementor-element-4de0bd9 elementor-widget elementor-widget-ct_tabs\" data-id=\"4de0bd9\" data-element_type=\"widget\" data-e-type=\"widget\" data-widget_type=\"ct_tabs.default\">\n\t\t\t\t<div class=\"elementor-widget-container\">\n\t\t\t\t\t            <div class=\"ct-tabs ct-tabs--layout1 type-horizontal style4\">\n                <div class=\"ct-tabs-title\">\n                                            <span class=\"ct-tab-title \" data-target=\"#ct_tabs-4de0bd9-b5561be\">\n                                                                                    2025        \n                        <\/span>\n                                            <span class=\"ct-tab-title \" data-target=\"#ct_tabs-4de0bd9-cda5726\">\n                                                                                    2024        \n                        <\/span>\n                                            <span class=\"ct-tab-title \" data-target=\"#ct_tabs-4de0bd9-6ca168d\">\n                                                                                    2023        \n                        <\/span>\n                                            <span class=\"ct-tab-title \" data-target=\"#ct_tabs-4de0bd9-5a29ea8\">\n                                                                                    2022        \n                        <\/span>\n                                            <span class=\"ct-tab-title active\" data-target=\"#ct_tabs-4de0bd9-623f729\">\n                                                                                    2021        \n                        <\/span>\n                                            <span class=\"ct-tab-title \" data-target=\"#ct_tabs-4de0bd9-d08846e\">\n                                                                                    2020        \n                        <\/span>\n                                            <span class=\"ct-tab-title \" data-target=\"#ct_tabs-4de0bd9-005a7c5\">\n                                                                                    2019        \n                        <\/span>\n                                            <span class=\"ct-tab-title \" data-target=\"#ct_tabs-4de0bd9-76e039d\">\n                                                                                    2018        \n                        <\/span>\n                                    <\/div>\n\n                <div class=\"ct-tabs-content\">\n                                            <div class=\"ct-tab-content \" id=\"ct_tabs-4de0bd9-b5561be\"><h6>Plan Operativo Anual<\/h6><ul><li><span style=\"color: #0000ff;\"><a style=\"color: #0000ff;\" href=\"https:\/\/municipiodebalao.gob.ec\/wp-content\/uploads\/2025\/09\/POA-2025_INICIAL.pdf\" target=\"_blank\" rel=\"noopener\"><span style=\"text-decoration: underline;\">POA - 2025_INICIAL<\/span><\/a><\/span><\/li><\/ul><hr \/><hr \/><h6>Planes<\/h6><ul><li><span style=\"text-decoration: underline;\"><span style=\"color: #0000ff;\"><a style=\"color: #0000ff; text-decoration: underline;\" href=\"https:\/\/municipiodebalao.gob.ec\/wp-content\/uploads\/2025\/02\/PLAN%20CONTINGENCIA%20POR%20EPOCA%20INVERNAL%20-%202025%20-%20ACTUALIZADO-signed-signed.pdf\">PLAN CONTINGENCIA POR EPOCA INVERNAL - 2025 - ACTUALIZADO-signed-signed<\/a><\/span><\/span><\/li><\/ul><\/div>\n                                            <div class=\"ct-tab-content \" id=\"ct_tabs-4de0bd9-cda5726\"><h6>Plan Operativo Anual<\/h6><ul><li><span style=\"color: #0000ff;\"><a style=\"color: #0000ff;\" href=\"https:\/\/municipiodebalao.gob.ec\/wp-content\/uploads\/2024\/09\/POA-GADMB-2024-REFORMA-23-ASEPTIEMBRE-2024-signed-signed.pdf\" target=\"_blank\" rel=\"noopener\"><span style=\"text-decoration: underline;\">POA-2024-GAD-2024-REFORMA-23-SEPTIEMBRE-2024.<\/span><\/a><\/span><\/li><li><span style=\"text-decoration: underline; color: #0000ff;\"><a style=\"color: #0000ff; text-decoration: underline;\" href=\"https:\/\/municipiodebalao.gob.ec\/wp-content\/uploads\/2025\/06\/POA-2024-GAD-BALAO-1.pdf\" target=\"_blank\" rel=\"noopener\">POA-2024-GAD-BALAO-1<\/a><\/span><\/li><\/ul><hr \/><hr \/><h6>Plan Anual de Contrataciones.<\/h6><ul><li><span style=\"text-decoration: underline; color: #0000ff;\"><a style=\"color: #0000ff; text-decoration: underline;\" href=\"https:\/\/municipiodebalao.gob.ec\/wp-content\/uploads\/2024\/01\/PLAN-ANUAL-DE-CONTRATACION-PAC-2024.pdf\" target=\"_blank\" rel=\"noopener\">PAC 2024<\/a><\/span><\/li><\/ul><hr \/><hr \/><h6>Plan de Desarrollo y Ordenamiento Territorial<\/h6><ul><li><span style=\"color: #0000ff;\"><a style=\"color: #0000ff;\" href=\"https:\/\/municipiodebalao.gob.ec\/wp-content\/uploads\/2025\/06\/PDOT-2024-1.pdf\" target=\"_blank\" rel=\"noopener\"><span style=\"text-decoration: underline;\">PDOT-2023-2027-1<\/span><\/a><\/span><\/li><\/ul><hr \/><hr \/><h6>Planes.<\/h6><ul><li><span style=\"color: #0000ff;\"><a style=\"color: #0000ff;\" href=\"https:\/\/municipiodebalao.gob.ec\/wp-content\/uploads\/2024\/01\/PLAN-DE-CAPACITACION-2024.pdf\" target=\"_blank\" rel=\"noopener\"><span style=\"text-decoration: underline;\">Plan de Capacitaci\u00f3n - Unidad de Administraci\u00f3n de Talento Humano.<\/span><\/a><\/span><\/li><li><span style=\"color: #0000ff;\"><a style=\"color: #0000ff;\" href=\"https:\/\/municipiodebalao.gob.ec\/wp-content\/uploads\/2024\/01\/PLAN-DE-COMPENSACION-ECONOMICA-POR-RENUNCIA-VOLUNTARIA-2024.pdf\" target=\"_blank\" rel=\"noopener\"><span style=\"text-decoration: underline;\">Plan de Compensaci\u00f3n Econ\u00f3mica por renuncia voluntaria 2024 - Unidad de Administraci\u00f3n de Talento Humano.<\/span><\/a><\/span><\/li><li><span style=\"color: #0000ff;\"><a style=\"color: #0000ff;\" href=\"https:\/\/municipiodebalao.gob.ec\/wp-content\/uploads\/2024\/01\/PLAN-DE-EVALUACION-DE-DESEMPENO-2024.pdf\" target=\"_blank\" rel=\"noopener\"><span style=\"text-decoration: underline;\">Plan de Evaluaci\u00f3n de Desempe\u00f1o 2024 - Unidad de Administraci\u00f3n de Talento Humano.<\/span><\/a><\/span><\/li><li><span style=\"color: #0000ff;\"><a style=\"color: #0000ff;\" href=\"https:\/\/municipiodebalao.gob.ec\/wp-content\/uploads\/2024\/01\/PLAN-DE-VACACIONES-2024.pdf\" target=\"_blank\" rel=\"noopener\"><span style=\"text-decoration: underline;\">Plan de Vacaciones - 2024.<\/span><\/a><\/span><\/li><\/ul><\/div>\n                                            <div class=\"ct-tab-content \" id=\"ct_tabs-4de0bd9-6ca168d\"><h6>Plan Operativo Anual.<\/h6><ul><li><span style=\"color: #0000ff;\"><a style=\"color: #0000ff;\" href=\"https:\/\/municipiodebalao.gob.ec\/wp-content\/uploads\/2023\/04\/POA-2022_PRORROGADO-2023.pdf\" target=\"_blank\" rel=\"noopener\"><span style=\"text-decoration: underline;\">POA - 2023.<\/span><\/a><\/span><\/li><\/ul><hr \/><hr \/><h6>Plan Anual de Contrataciones.<\/h6><ul><li><span style=\"text-decoration: underline; color: #0000ff;\"><a style=\"color: #0000ff; text-decoration: underline;\" href=\"https:\/\/municipiodebalao.gob.ec\/wp-content\/uploads\/2023\/02\/PAC-INICIAL-2023.pdf\" target=\"_blank\" rel=\"noopener\">PAC - 2023.<\/a><\/span><\/li><\/ul><hr \/><hr \/><h6>Plan de Desarrollo y Ordenamiento Territorial.<\/h6><ul><li><span style=\"color: #0000ff;\"><a style=\"color: #0000ff;\" href=\"https:\/\/municipiodebalao.gob.ec\/wp-content\/uploads\/2024\/02\/PLAN-DE-DESARROLLO-Y-ORDENAMIENTO-TERRITORIAL.pdf\" target=\"_blank\" rel=\"noopener\"><span style=\"text-decoration: underline;\">PLAN-DE-DESARROLLO-Y-ORDENAMIENTO-TERRITORIAL 2020-2027.<\/span><\/a><\/span><\/li><\/ul><hr \/><hr \/><h6>Planes.<\/h6><ul><li><span style=\"color: #0000ff;\"><a style=\"color: #0000ff;\" href=\"https:\/\/municipiodebalao.gob.ec\/wp-content\/uploads\/2023\/09\/20092023_Balao-Guayas-Ecuador.pdf\" target=\"_blank\" rel=\"noopener\"><span style=\"text-decoration: underline;\">Plan de Emergencia y Contingencia del Parque Acu\u00e1tico - 2023.<\/span><\/a><\/span><\/li><li><span style=\"color: #0000ff;\"><a style=\"color: #0000ff;\" href=\"https:\/\/municipiodebalao.gob.ec\/wp-content\/uploads\/2023\/03\/Plan-de-Capacitacion.pdf\" target=\"_blank\" rel=\"noopener\"><span style=\"text-decoration: underline;\">Plan de Capacitaci\u00f3n - 2023.<\/span><\/a><\/span><\/li><li><span style=\"color: #0000ff;\"><a style=\"color: #0000ff;\" href=\"https:\/\/municipiodebalao.gob.ec\/wp-content\/uploads\/2023\/03\/Plan-de-Talento-Humano.pdf\" target=\"_blank\" rel=\"noopener\"><span style=\"text-decoration: underline;\">Plan de Talento Humano.<\/span><\/a><\/span><\/li><li><span style=\"color: #0000ff;\"><a style=\"color: #0000ff;\" href=\"https:\/\/municipiodebalao.gob.ec\/wp-content\/uploads\/2023\/03\/Plan-de-Vacaciones.pdf\" target=\"_blank\" rel=\"noopener\"><span style=\"text-decoration: underline;\">Plan de Vacaciones 2023.<\/span><\/a><\/span><\/li><li><a href=\"https:\/\/municipiodebalao.gob.ec\/wp-content\/uploads\/2023\/02\/PLAN-DE-CAPACITACION-INFORMATICA-2023.pdf\" target=\"_blank\" rel=\"noopener\"><span style=\"text-decoration: underline;\"><span style=\"color: #0000ff; text-decoration: underline;\">Plan de Capacitaci\u00f3n Inform\u00e1tica - 2023.<\/span><\/span><\/a><\/li><li><a href=\"https:\/\/municipiodebalao.gob.ec\/wp-content\/uploads\/2023\/02\/PLAN-DE-MANTENIMIENTO-PREVENTIVO-Y_O-CORRECTIVO-DE-LA-INFRAESTRU.pdf\" target=\"_blank\" rel=\"noopener\"><span style=\"text-decoration: underline;\"><span style=\"color: #0000ff; text-decoration: underline;\">Plan de Mantenimiento Preventivo y\/o Correctivo de la Infraestructura Tecnol\u00f3gica del GAD Municipal de Balao para el a\u00f1o 2023.<\/span><\/span><\/a><\/li><li><a href=\"https:\/\/municipiodebalao.gob.ec\/wp-content\/uploads\/2023\/01\/PLAN-DE-CONTINGENCIA-2023-signed-signed.pdf\" target=\"_blank\" rel=\"noopener\"><span style=\"text-decoration: underline; color: #0000ff;\">Plan de Contingencia por la etapa invernal - 2023.<\/span><\/a><\/li><\/ul><\/div>\n                                            <div class=\"ct-tab-content \" id=\"ct_tabs-4de0bd9-5a29ea8\"><h6>Plan Anual de Contrataci\u00f3n.<\/h6><ul><li><span style=\"color: #0000ff;\"><a style=\"color: #0000ff;\" href=\"https:\/\/municipiodebalao.gob.ec\/wp-content\/uploads\/2022\/07\/PAC-Inicial-2022.pdf\" target=\"_blank\" rel=\"noopener\"><span style=\"text-decoration: underline;\">PAC Inicial - 2022.<\/span><\/a><\/span><\/li><\/ul><hr \/><hr \/><h6 style=\"text-align: left;\">Planes.<\/h6><ul><li><a href=\"https:\/\/municipiodebalao.gob.ec\/wp-content\/uploads\/2022\/04\/PLAN-2022-DE-MANTENIMIENTO-DE-BIENES.pdf\" target=\"_blank\" rel=\"noopener\"><span style=\"text-decoration: underline;\"><span style=\"color: #0000ff; text-decoration: underline;\">Plan 2022 de Mantenimiento de Bienes de Propiedad, Planta y Equipo.<\/span><\/span><\/a><\/li><li><span style=\"color: #0000ff;\"><a style=\"color: #0000ff;\" href=\"https:\/\/municipiodebalao.gob.ec\/wp-content\/uploads\/2022\/04\/PLAN-DE-CAPACITACION-2022.pdf\" target=\"_blank\" rel=\"noopener\"><span style=\"text-decoration: underline;\">Plan de Capacitaci\u00f3n 2022.<\/span><\/a><\/span><\/li><li><span style=\"color: #0000ff;\"><a style=\"color: #0000ff;\" href=\"https:\/\/municipiodebalao.gob.ec\/wp-content\/uploads\/2022\/04\/PLAN-DE-EMERGENCIA-2022-chuya.pdf\" target=\"_blank\" rel=\"noopener\"><span style=\"text-decoration: underline;\">Plan de Emergencia 2022 del Gobierno Aut\u00f3nomo Descentralizado Municipal del Cant\u00f3n Balao.<\/span><\/a><\/span><\/li><li><span style=\"text-decoration: underline;\"><span style=\"color: #0000ff;\"><a style=\"color: #0000ff; text-decoration: underline;\" href=\"https:\/\/municipiodebalao.gob.ec\/wp-content\/uploads\/2022\/04\/PLAN-DE-VACACION-2022.pdf\" target=\"_blank\" rel=\"noopener\">Plan de Vacaciones - 2022<\/a><\/span><\/span><\/li><li><span style=\"color: #0000ff;\"><a style=\"color: #0000ff;\" href=\"https:\/\/municipiodebalao.gob.ec\/wp-content\/uploads\/2022\/04\/Plan-2022-de-Mantenimiento-Preventivo-Correctivo.pdf\" target=\"_blank\" rel=\"noopener\"><span style=\"text-decoration: underline;\">Plan 2022 de Mantenimiento Preventivo y\/o Correctivo de la Infraestructura Tecnol\u00f3gica del GAD Municipal de Balao.<\/span><\/a><\/span><\/li><li><span style=\"color: #0000ff;\"><a style=\"color: #0000ff;\" href=\"https:\/\/municipiodebalao.gob.ec\/wp-content\/uploads\/2022\/04\/Plan-de-Capacitacion-Informatica-2022.pdf\" target=\"_blank\" rel=\"noopener\"><span style=\"text-decoration: underline;\">Plan de Capacitaci\u00f3n Inform\u00e1tica 2022.<\/span><\/a><\/span><\/li><\/ul><hr \/><hr \/><\/div>\n                                            <div class=\"ct-tab-content \" id=\"ct_tabs-4de0bd9-623f729\" style=\"display:block;\"><h6>PROGRAMAS<\/h6><ul><li><span style=\"color: #0000ff;\"><a style=\"color: #0000ff;\" href=\"https:\/\/municipiodebalao.gob.ec\/wp-content\/uploads\/2022\/08\/PROGRAMA-ASEGURAMIENTO-INOCUIDAD-ALIMENTOS.pdf\" target=\"_blank\" rel=\"noopener\"><span style=\"text-decoration: underline;\">Programa de Aseguramiento de Inocuidad de Alimentos frescos, procesados y preparados del mercado Municipal.<\/span><\/a><\/span><\/li><\/ul><p>\u00a0<\/p><hr \/><hr \/><h6>\u00a0<\/h6><h6>PLANES<\/h6><ul><li><span style=\"color: #0000ff;\"><a style=\"color: #0000ff;\" href=\"https:\/\/municipiodebalao.gob.ec\/wp-content\/uploads\/2022\/08\/PLAN-CONTROL-INUNDACIONES-MERCADO-MUNICIPAL.pdf\" target=\"_blank\" rel=\"noopener\"><span style=\"text-decoration: underline;\">Plan de Control de inundaciones del Mercado Municipal del Gobierno Aut\u00f3nomo Descentralizado Municipal de Balao.<\/span><\/a><\/span><\/li><\/ul><hr \/><hr \/><ul><li><span style=\"color: #0000ff;\"><a style=\"color: #0000ff;\" href=\"https:\/\/municipiodebalao.gob.ec\/wp-content\/uploads\/2022\/08\/PLAN-SEPARACION-ALIMENTOS-VEGETALES.pdf\" target=\"_blank\" rel=\"noopener\"><span style=\"text-decoration: underline;\">Plan de separaci\u00f3n de alimentos, vegetales - animales y almacenamiento de alimentos crudos y cocidos para aplicaci\u00f3n en Mercado Municipal de Balao.<\/span><\/a><\/span><\/li><\/ul><hr \/><hr \/><ul><li><span style=\"color: #0000ff;\"><a style=\"color: #0000ff;\" href=\"https:\/\/municipiodebalao.gob.ec\/wp-content\/uploads\/2022\/08\/PLAN-MANTENIMIENTO-INFRAESTRUCTURA-TECNOLOGICA-2021.pdf\" target=\"_blank\" rel=\"noopener\"><span style=\"text-decoration: underline;\">Plan de Mantenimiento Preventivo y\/o Correctivo de Infraestructura Tecnol\u00f3gica del GAD Municipal de Balao 2021.<\/span><\/a><\/span><\/li><\/ul><hr \/><hr \/><ul><li><span style=\"color: #0000ff;\"><a style=\"color: #0000ff;\" href=\"https:\/\/municipiodebalao.gob.ec\/wp-content\/uploads\/2022\/08\/PLAN-ESTRATEGICO-INFORMATICO-2021-2023.pdf\" target=\"_blank\" rel=\"noopener\"><span style=\"text-decoration: underline;\">Plan Estrat\u00e9gico Inform\u00e1tico 2021 - 2023.<\/span><\/a><\/span><\/li><\/ul><hr \/><hr \/><ul><li><span style=\"color: #0000ff;\"><a style=\"color: #0000ff;\" href=\"https:\/\/municipiodebalao.gob.ec\/wp-content\/uploads\/2022\/08\/PLAN-DE-CAPACITACION-INFORMATICA-2021.pdf\" target=\"_blank\" rel=\"noopener\"><span style=\"text-decoration: underline;\">Plan de Capacitaci\u00f3n Inform\u00e1tica 2021.<\/span><\/a><\/span><\/li><\/ul><hr \/><hr \/><ul><li><span style=\"color: #0000ff;\"><a style=\"color: #0000ff;\" href=\"https:\/\/municipiodebalao.gob.ec\/wp-content\/uploads\/2022\/07\/APROBADA-PLAN-DE-CONTINGENCIA-INCENDIOS-FORESTALES-2021.pdf\" target=\"_blank\" rel=\"noopener\"><span style=\"text-decoration: underline;\">Plan de Contingencia Cantonal para la atenci\u00f3n de incendios de malezas 2021.<\/span><\/a><\/span><\/li><\/ul><hr \/><hr \/><ul><li><span style=\"color: #0000ff;\"><a style=\"color: #0000ff;\" href=\"https:\/\/municipiodebalao.gob.ec\/wp-content\/uploads\/2022\/07\/02-PLAN-DE-MANEJO-INTEGRADO-DE-PLAGAS-DEL-MERCADO-MUNICIPA_-FIRMADO.pdf\" target=\"_blank\" rel=\"noopener\"><span style=\"text-decoration: underline;\">Plan de manejo integrado de plagas del Mercado Municipal de Balao.<\/span><\/a><\/span><\/li><\/ul><hr \/><hr \/><ul><li><span style=\"color: #0000ff;\"><a style=\"color: #0000ff;\" href=\"https:\/\/municipiodebalao.gob.ec\/wp-content\/uploads\/2022\/07\/01-PLAN-DE-MANEJO-INTERNO-DE-RESIDUOS-SOLIDOS-NO-PELIGROSO.pdf\" target=\"_blank\" rel=\"noopener\"><span style=\"text-decoration: underline;\">Plan de manejo interno de residuos s\u00f3lidos no peligrosos en el Mercado Municipal de Balao.<\/span><\/a><\/span><\/li><\/ul><hr \/><hr \/><ul><li><span style=\"color: #0000ff;\"><a style=\"color: #0000ff;\" href=\"https:\/\/municipiodebalao.gob.ec\/wp-content\/uploads\/2022\/01\/PLAN-VACACIONES2021.pdf\" target=\"_blank\" rel=\"noopener\"><span style=\"text-decoration: underline;\">Plan de Vacaciones 2021<\/span><\/a><\/span><\/li><\/ul><p>\u00a0<\/p><hr \/><hr \/><h6>\u00a0<\/h6><h6>REGLAMENTOS<\/h6><ul><li><a href=\"https:\/\/municipiodebalao.gob.ec\/wp-content\/uploads\/2021\/03\/reglamento_tablet.pdf\" target=\"_blank\" rel=\"noopener\"><span style=\"text-decoration: underline;\"><span style=\"color: #0000ff; text-decoration: underline;\">Reglamento para la implementaci\u00f3n del Proyecto Municipal denominado \"BACHILLER DIGITAL BALAO\".<\/span><\/span><\/a><\/li><\/ul><\/div>\n                                            <div class=\"ct-tab-content \" id=\"ct_tabs-4de0bd9-d08846e\"><h6>PLANES<\/h6><p><span style=\"color: #0000ff;\"><a style=\"color: #0000ff;\" href=\"https:\/\/municipiodebalao.gob.ec\/wp-content\/uploads\/2022\/04\/PLAN-ESTRATEGICO-2020-2023.pdf\" target=\"_blank\" rel=\"noopener\"><span style=\"text-decoration: underline;\">Plan Estrat\u00e9gico Institucional 2020 - 2023 del Gobierno Aut\u00f3nomo Descentralizado Municipal de Balao.<\/span><\/a><\/span><\/p><hr \/><hr \/><\/div>\n                                            <div class=\"ct-tab-content \" id=\"ct_tabs-4de0bd9-005a7c5\"><p>Tab Content<\/p><\/div>\n                                            <div class=\"ct-tab-content \" id=\"ct_tabs-4de0bd9-76e039d\">Tab Content<\/div>\n                                    <\/div>\n            <\/div>\n            \t\t\t\t<\/div>\n\t\t\t\t<\/div>\n\t\t\t\t<\/div>\n\t\t\t\t<\/div>\n\t\t","protected":false},"excerpt":{"rendered":"<p>2025 2024 2023 2022 2021 2020 2019 2018 Plan Operativo Anual POA &#8211; 2025_INICIAL Planes PLAN CONTINGENCIA POR EPOCA INVERNAL &#8211; 2025 &#8211; ACTUALIZADO-signed-signed Plan Operativo Anual POA-2024-GAD-2024-REFORMA-23-SEPTIEMBRE-2024. POA-2024-GAD-BALAO-1 Plan Anual de Contrataciones. PAC 2024 Plan de Desarrollo y Ordenamiento Territorial PDOT-2023-2027-1 Planes. Plan de Capacitaci\u00f3n &#8211; Unidad de Administraci\u00f3n de Talento Humano. Plan de [&hellip;]<\/p>\n","protected":false},"author":2,"featured_media":0,"parent":0,"menu_order":0,"comment_status":"closed","ping_status":"closed","template":"","meta":{"footnotes":""},"class_list":["post-2046","page","type-page","status-publish","hentry"],"_links":{"self":[{"href":"https:\/\/municipiodebalao.gob.ec\/index.php\/wp-json\/wp\/v2\/pages\/2046","targetHints":{"allow":["GET"]}}],"collection":[{"href":"https:\/\/municipiodebalao.gob.ec\/index.php\/wp-json\/wp\/v2\/pages"}],"about":[{"href":"https:\/\/municipiodebalao.gob.ec\/index.php\/wp-json\/wp\/v2\/types\/page"}],"author":[{"embeddable":true,"href":"https:\/\/municipiodebalao.gob.ec\/index.php\/wp-json\/wp\/v2\/users\/2"}],"replies":[{"embeddable":true,"href":"https:\/\/municipiodebalao.gob.ec\/index.php\/wp-json\/wp\/v2\/comments?post=2046"}],"version-history":[{"count":204,"href":"https:\/\/municipiodebalao.gob.ec\/index.php\/wp-json\/wp\/v2\/pages\/2046\/revisions"}],"predecessor-version":[{"id":7861,"href":"https:\/\/municipiodebalao.gob.ec\/index.php\/wp-json\/wp\/v2\/pages\/2046\/revisions\/7861"}],"wp:attachment":[{"href":"https:\/\/municipiodebalao.gob.ec\/index.php\/wp-json\/wp\/v2\/media?parent=2046"}],"curies":[{"name":"wp","href":"https:\/\/api.w.org\/{rel}","templated":true}]}}