{"id":8333,"date":"2025-11-10T16:14:36","date_gmt":"2025-11-10T16:14:36","guid":{"rendered":"https:\/\/municipiodebalao.gob.ec\/?page_id=8333"},"modified":"2025-11-14T20:38:32","modified_gmt":"2025-11-14T20:38:32","slug":"rendicion-de-cuentas-2022","status":"publish","type":"page","link":"https:\/\/municipiodebalao.gob.ec\/index.php\/rendicion-de-cuentas-2022\/","title":{"rendered":"Rendici\u00f3n de Cuentas 2022"},"content":{"rendered":"\t\t<div data-elementor-type=\"wp-page\" data-elementor-id=\"8333\" class=\"elementor elementor-8333\">\n\t\t\t\t<div class=\"elementor-element elementor-element-d40688f e-flex e-con-boxed e-con e-parent\" data-id=\"d40688f\" data-element_type=\"container\" data-e-type=\"container\">\n\t\t\t\t\t<div class=\"e-con-inner\">\n\t\t\t\t<div class=\"elementor-element elementor-element-4c333c0 elementor-widget elementor-widget-ct_accordion\" data-id=\"4c333c0\" data-element_type=\"widget\" data-e-type=\"widget\" data-widget_type=\"ct_accordion.default\">\n\t\t\t\t<div class=\"elementor-widget-container\">\n\t\t\t\t\t    <div id=\"ct_accordion-4c333c0\" class=\"ct-accordion layout1 style1 \">\r\n                    <div class=\"ct-accordion-item \">\r\n                <div class=\"ct-ac-title \" data-target=\"#85200e3ct_accordion-4c333c0\">\r\n                    <a class=\"ct-ac-title-text\">\r\n                                                                        FASE 1: Planificaci\u00f3n y Facilitaci\u00f3n del proceso desde la Asamblea local.                        <i class=\"ct-icon-accordion\"><\/i>\r\n                    <\/a>\r\n                <\/div>\r\n                <div id=\"85200e3ct_accordion-4c333c0\" class=\"ct-ac-content\"><ul><li><a href=\"https:\/\/municipiodebalao.gob.ec\/wp-content\/uploads\/2022\/07\/PDOT-2020-2023.pdf\" target=\"_blank\" rel=\"noopener\"><span style=\"text-decoration: underline\"><span style=\"color: #0000ff;text-decoration: underline\">PDOT 2022.<\/span><\/span><\/a><\/li><li><a href=\"https:\/\/municipiodebalao.gob.ec\/wp-content\/uploads\/2022\/07\/Plan-Operativo-Anual-2022.pdf\" target=\"_blank\" rel=\"noopener\"><span style=\"text-decoration: underline\"><span style=\"color: #0000ff;text-decoration: underline\">POA 2022 GAD BALAO.<\/span><\/span><\/a><\/li><li><a href=\"https:\/\/municipiodebalao.gob.ec\/wp-content\/uploads\/2022\/02\/PLAN-DE-TRABAJO-SELLADO-ALIANZA-L6-L75.pdf\" target=\"_blank\" rel=\"noopener\"><span style=\"text-decoration: underline\"><span style=\"color: #0000ff;text-decoration: underline\">Plan de Trabajo.<\/span><\/span><\/a><\/li><\/ul><\/div>\r\n            <\/div>\r\n                    <div class=\"ct-accordion-item active\">\r\n                <div class=\"ct-ac-title active\" data-target=\"#022b259ct_accordion-4c333c0\">\r\n                    <a class=\"ct-ac-title-text\">\r\n                                                                        FASE 2: Evaluaci\u00f3n de la gesti\u00f3n y elaboraci\u00f3n del Informe Institucional.                        <i class=\"ct-icon-accordion\"><\/i>\r\n                    <\/a>\r\n                <\/div>\r\n                <div id=\"022b259ct_accordion-4c333c0\" class=\"ct-ac-content\" style=\"display:block;\"><ul><li><a href=\"https:\/\/municipiodebalao.gob.ec\/wp-content\/uploads\/2023\/06\/RENDICION-DE-CUENTAS-ALA-CIUDADANIA-DEL-PERIODO-2022.pdf\" target=\"_blank\" rel=\"noopener\"><span style=\"text-decoration: underline\"><span style=\"color: #0000ff;text-decoration: underline\">Informe Narrativo.<\/span><\/span><\/a><\/li><li>Aprobaci\u00f3n de Informe Narrativo.<\/li><li><a href=\"https:\/\/municipiodebalao.gob.ec\/wp-content\/uploads\/2023\/05\/FORMUALRIO GADMB.pdf\" target=\"_blank\" rel=\"noopener\" data-wplink-url-error=\"true\"><span style=\"text-decoration: underline\"><span style=\"color: #0000ff;text-decoration: underline\">Formulario GAD.<\/span><\/span><\/a><\/li><li>Aprobaci\u00f3n de Formulario.<\/li><\/ul><\/div>\r\n            <\/div>\r\n                    <div class=\"ct-accordion-item \">\r\n                <div class=\"ct-ac-title \" data-target=\"#0773430ct_accordion-4c333c0\">\r\n                    <a class=\"ct-ac-title-text\">\r\n                                                                        FASE 3: Deliberaci\u00f3n p\u00fablica y evaluaci\u00f3n ciudadana del informe institucional                        <i class=\"ct-icon-accordion\"><\/i>\r\n                    <\/a>\r\n                <\/div>\r\n                <div id=\"0773430ct_accordion-4c333c0\" class=\"ct-ac-content\"><\/div>\r\n            <\/div>\r\n                    <div class=\"ct-accordion-item \">\r\n                <div class=\"ct-ac-title \" data-target=\"#57b4daact_accordion-4c333c0\">\r\n                    <a class=\"ct-ac-title-text\">\r\n                                                                        FASE 4                        <i class=\"ct-icon-accordion\"><\/i>\r\n                    <\/a>\r\n                <\/div>\r\n                <div id=\"57b4daact_accordion-4c333c0\" class=\"ct-ac-content\"><\/div>\r\n            <\/div>\r\n            <\/div>\r\n    \t\t\t\t<\/div>\n\t\t\t\t<\/div>\n\t\t\t\t\t<\/div>\n\t\t\t\t<\/div>\n\t\t\t\t<\/div>\n\t\t","protected":false},"excerpt":{"rendered":"<p>FASE 1: Planificaci\u00f3n y Facilitaci\u00f3n del proceso desde la Asamblea local. PDOT 2022. POA 2022 GAD BALAO. Plan de Trabajo. FASE 2: Evaluaci\u00f3n de la gesti\u00f3n y elaboraci\u00f3n del Informe Institucional. Informe Narrativo. Aprobaci\u00f3n de Informe Narrativo. Formulario GAD. Aprobaci\u00f3n de Formulario. FASE 3: Deliberaci\u00f3n p\u00fablica y evaluaci\u00f3n ciudadana del informe institucional FASE 4<\/p>\n","protected":false},"author":2,"featured_media":0,"parent":0,"menu_order":0,"comment_status":"closed","ping_status":"closed","template":"","meta":{"footnotes":""},"class_list":["post-8333","page","type-page","status-publish","hentry"],"_links":{"self":[{"href":"https:\/\/municipiodebalao.gob.ec\/index.php\/wp-json\/wp\/v2\/pages\/8333","targetHints":{"allow":["GET"]}}],"collection":[{"href":"https:\/\/municipiodebalao.gob.ec\/index.php\/wp-json\/wp\/v2\/pages"}],"about":[{"href":"https:\/\/municipiodebalao.gob.ec\/index.php\/wp-json\/wp\/v2\/types\/page"}],"author":[{"embeddable":true,"href":"https:\/\/municipiodebalao.gob.ec\/index.php\/wp-json\/wp\/v2\/users\/2"}],"replies":[{"embeddable":true,"href":"https:\/\/municipiodebalao.gob.ec\/index.php\/wp-json\/wp\/v2\/comments?post=8333"}],"version-history":[{"count":20,"href":"https:\/\/municipiodebalao.gob.ec\/index.php\/wp-json\/wp\/v2\/pages\/8333\/revisions"}],"predecessor-version":[{"id":8474,"href":"https:\/\/municipiodebalao.gob.ec\/index.php\/wp-json\/wp\/v2\/pages\/8333\/revisions\/8474"}],"wp:attachment":[{"href":"https:\/\/municipiodebalao.gob.ec\/index.php\/wp-json\/wp\/v2\/media?parent=8333"}],"curies":[{"name":"wp","href":"https:\/\/api.w.org\/{rel}","templated":true}]}}