{"id":9328,"date":"2026-03-30T13:59:25","date_gmt":"2026-03-30T13:59:25","guid":{"rendered":"https:\/\/municipiodebalao.gob.ec\/?page_id=9328"},"modified":"2026-05-01T04:58:50","modified_gmt":"2026-05-01T04:58:50","slug":"rendicion-de-cuentas-2025","status":"publish","type":"page","link":"https:\/\/municipiodebalao.gob.ec\/index.php\/rendicion-de-cuentas-2025\/","title":{"rendered":"Rendici\u00f3n de Cuentas 2025"},"content":{"rendered":"\t\t<div data-elementor-type=\"wp-page\" data-elementor-id=\"9328\" class=\"elementor elementor-9328\">\n\t\t\t\t<div class=\"elementor-element elementor-element-3d6508b e-flex e-con-boxed e-con e-parent\" data-id=\"3d6508b\" data-element_type=\"container\" data-e-type=\"container\">\n\t\t\t\t\t<div class=\"e-con-inner\">\n\t\t\t\t<div class=\"elementor-element elementor-element-351c32c elementor-widget elementor-widget-ct_accordion\" data-id=\"351c32c\" data-element_type=\"widget\" data-e-type=\"widget\" data-widget_type=\"ct_accordion.default\">\n\t\t\t\t<div class=\"elementor-widget-container\">\n\t\t\t\t\t    <div id=\"ct_accordion-351c32c\" class=\"ct-accordion layout1 style1 \">\r\n                    <div class=\"ct-accordion-item \">\r\n                <div class=\"ct-ac-title \" data-target=\"#5a70fb6ct_accordion-351c32c\">\r\n                    <a class=\"ct-ac-title-text\">\r\n                                                                        FASE 1                        <i class=\"ct-icon-accordion\"><\/i>\r\n                    <\/a>\r\n                <\/div>\r\n                <div id=\"5a70fb6ct_accordion-351c32c\" class=\"ct-ac-content\"><ul><li><a href=\"https:\/\/municipiodebalao.gob.ec\/wp-content\/uploads\/2026\/04\/PDOT-BALAO-FINAL.pdf\" target=\"_blank\" rel=\"noopener\"><span style=\"text-decoration: underline\"><span style=\"color: #0000ff;text-decoration: underline\">PDOT 2025<\/span><\/span><\/a><\/li><li><a href=\"https:\/\/municipiodebalao.gob.ec\/wp-content\/uploads\/2026\/04\/POA-2025_REFORMA-TODAS-LAS-DIRECCIONES.pdf\" target=\"_blank\" rel=\"noopener\"><span style=\"text-decoration: underline\"><span style=\"color: #0000ff;text-decoration: underline\">POA 2025<\/span><\/span><\/a><\/li><li><a href=\"https:\/\/municipiodebalao.gob.ec\/wp-content\/uploads\/2026\/04\/PLAN-DE-TRABAJO.pdf\" target=\"_blank\" rel=\"noopener\"><span style=\"text-decoration: underline\"><span style=\"color: #0000ff;text-decoration: underline\">Plan de Trabajo.<\/span><\/span><\/a><\/li><li><a href=\"https:\/\/municipiodebalao.gob.ec\/wp-content\/uploads\/2026\/04\/Estado-de-Situacion-Financiera-al-31.12.2025-signed-signed-signed.pdf\" target=\"_blank\" rel=\"noopener\"><span style=\"text-decoration: underline\"><span style=\"color: #0000ff;text-decoration: underline\">Informacion Financiera.<\/span><\/span><\/a><\/li><\/ul><\/div>\r\n            <\/div>\r\n                    <div class=\"ct-accordion-item active\">\r\n                <div class=\"ct-ac-title active\" data-target=\"#32ebcf5ct_accordion-351c32c\">\r\n                    <a class=\"ct-ac-title-text\">\r\n                                                                        FASE 2: Evaluaci\u00f3n de la Gesti\u00f3n y Elaboraci\u00f3n del Informe Institucional                        <i class=\"ct-icon-accordion\"><\/i>\r\n                    <\/a>\r\n                <\/div>\r\n                <div id=\"32ebcf5ct_accordion-351c32c\" class=\"ct-ac-content\" style=\"display:block;\"><ul><li><span style=\"text-decoration: underline\"><span style=\"color: #0000ff;text-decoration: underline\"><a style=\"color: #0000ff;text-decoration: underline\" href=\"https:\/\/municipiodebalao.gob.ec\/wp-content\/uploads\/2026\/04\/FORMUALRIO-GAD-MUNICIPAL-2025-1.pdf\" target=\"_blank\" rel=\"noopener\">Formulario GAD Municipal 2025.<\/a><\/span><\/span><\/li><li><span style=\"text-decoration: underline\"><span style=\"color: #0000ff\"><a style=\"color: #0000ff;text-decoration: underline\" href=\"https:\/\/municipiodebalao.gob.ec\/wp-content\/uploads\/2026\/04\/APROBACION-DEL-FORMULARIO-DE-RENDICION-DE-CUENTAS.pdf\" target=\"_blank\" rel=\"noopener\">Aprobaci\u00f3n del Formulario de Rendici\u00f3n de Cuentas 2025.<\/a><\/span><\/span><\/li><li><a href=\"https:\/\/municipiodebalao.gob.ec\/wp-content\/uploads\/2026\/05\/INFORME-RENDICION-DE-CUENTAS-2025.pdf\" target=\"_blank\" rel=\"noopener\"><span style=\"text-decoration: underline\"><span style=\"color: #0000ff;text-decoration: underline\">Informe Narrativo de Rendici\u00f3n de Cuentas 2025.<\/span><\/span><\/a><\/li><li><span style=\"text-decoration: underline\"><span style=\"color: #0000ff\"><a style=\"color: #0000ff;text-decoration: underline\" href=\"https:\/\/municipiodebalao.gob.ec\/wp-content\/uploads\/2026\/04\/APROBACION-DEL-INFORME-NARRATIVO.pdf\" target=\"_blank\" rel=\"noopener\">Aprobaci\u00f3n del Informe Narrativo.<\/a><\/span><\/span><\/li><\/ul><\/div>\r\n            <\/div>\r\n                    <div class=\"ct-accordion-item \">\r\n                <div class=\"ct-ac-title \" data-target=\"#bbda00dct_accordion-351c32c\">\r\n                    <a class=\"ct-ac-title-text\">\r\n                                                                        FASE 3                        <i class=\"ct-icon-accordion\"><\/i>\r\n                    <\/a>\r\n                <\/div>\r\n                <div id=\"bbda00dct_accordion-351c32c\" class=\"ct-ac-content\"><\/div>\r\n            <\/div>\r\n                    <div class=\"ct-accordion-item \">\r\n                <div class=\"ct-ac-title \" data-target=\"#8cb7940ct_accordion-351c32c\">\r\n                    <a class=\"ct-ac-title-text\">\r\n                                                                        FASE 4                        <i class=\"ct-icon-accordion\"><\/i>\r\n                    <\/a>\r\n                <\/div>\r\n                <div id=\"8cb7940ct_accordion-351c32c\" class=\"ct-ac-content\"><\/div>\r\n            <\/div>\r\n            <\/div>\r\n    \t\t\t\t<\/div>\n\t\t\t\t<\/div>\n\t\t\t\t\t<\/div>\n\t\t\t\t<\/div>\n\t\t\t\t<\/div>\n\t\t","protected":false},"excerpt":{"rendered":"<p>FASE 1 PDOT 2025 POA 2025 Plan de Trabajo. Informacion Financiera. FASE 2: Evaluaci\u00f3n de la Gesti\u00f3n y Elaboraci\u00f3n del Informe Institucional Formulario GAD Municipal 2025. Aprobaci\u00f3n del Formulario de Rendici\u00f3n de Cuentas 2025. Informe Narrativo de Rendici\u00f3n de Cuentas 2025. Aprobaci\u00f3n del Informe Narrativo. FASE 3 FASE 4<\/p>\n","protected":false},"author":2,"featured_media":0,"parent":0,"menu_order":0,"comment_status":"closed","ping_status":"closed","template":"","meta":{"footnotes":""},"class_list":["post-9328","page","type-page","status-publish","hentry"],"_links":{"self":[{"href":"https:\/\/municipiodebalao.gob.ec\/index.php\/wp-json\/wp\/v2\/pages\/9328","targetHints":{"allow":["GET"]}}],"collection":[{"href":"https:\/\/municipiodebalao.gob.ec\/index.php\/wp-json\/wp\/v2\/pages"}],"about":[{"href":"https:\/\/municipiodebalao.gob.ec\/index.php\/wp-json\/wp\/v2\/types\/page"}],"author":[{"embeddable":true,"href":"https:\/\/municipiodebalao.gob.ec\/index.php\/wp-json\/wp\/v2\/users\/2"}],"replies":[{"embeddable":true,"href":"https:\/\/municipiodebalao.gob.ec\/index.php\/wp-json\/wp\/v2\/comments?post=9328"}],"version-history":[{"count":16,"href":"https:\/\/municipiodebalao.gob.ec\/index.php\/wp-json\/wp\/v2\/pages\/9328\/revisions"}],"predecessor-version":[{"id":9833,"href":"https:\/\/municipiodebalao.gob.ec\/index.php\/wp-json\/wp\/v2\/pages\/9328\/revisions\/9833"}],"wp:attachment":[{"href":"https:\/\/municipiodebalao.gob.ec\/index.php\/wp-json\/wp\/v2\/media?parent=9328"}],"curies":[{"name":"wp","href":"https:\/\/api.w.org\/{rel}","templated":true}]}}